{"id":1049,"date":"2023-05-10T22:23:40","date_gmt":"2023-05-10T20:23:40","guid":{"rendered":"http:\/\/wp-expert.pl\/umowa\/?page_id=1049"},"modified":"2023-05-10T22:31:25","modified_gmt":"2023-05-10T20:31:25","slug":"lista-wojewodztw","status":"publish","type":"page","link":"http:\/\/wp-expert.pl\/umowa\/lista-wojewodztw\/","title":{"rendered":"Wojew\u00f3dztwa"},"content":{"rendered":"<p><span style=\"font-weight: 400;\">W cz\u0119\u015bci II \u201cUm\u00f3wmy si\u0119 na Polsk\u0119\u201d, nasi eksperci wsparci pi\u00f3rem wybitnych pisarzy zapraszaj\u0105 nas do odwiedzenia wojew\u00f3dzw marze\u0144 \u2013 fabularyzowanych historii o tym jak Polska mog\u0142aby wygl\u0105da\u0107 w naszej nowej umowie spo\u0142ecznej. Zobacz, jak wygl\u0105da\u0142oby bliskie Ci ideowo wojew\u00f3dztwo gdyby proponowany przez nas ustr\u00f3j sta si\u0119 rzeczywisto\u015bci\u0105.\u00a0<\/span><\/p>\n","protected":false},"excerpt":{"rendered":"<p>W cz\u0119\u015bci II \u201cUm\u00f3wmy si\u0119 na Polsk\u0119\u201d, nasi eksperci wsparci pi\u00f3rem wybitnych pisarzy zapraszaj\u0105 nas do odwiedzenia wojew\u00f3dzw marze\u0144 \u2013 fabularyzowanych historii o tym jak Polska mog\u0142aby wygl\u0105da\u0107 w naszej nowej umowie spo\u0142ecznej. Zobacz, jak wygl\u0105da\u0142oby bliskie Ci ideowo wojew\u00f3dztwo gdyby proponowany przez nas ustr\u00f3j sta si\u0119 rzeczywisto\u015bci\u0105.\u00a0<\/p>\n","protected":false},"author":1,"featured_media":0,"parent":0,"menu_order":0,"comment_status":"closed","ping_status":"closed","template":"woj.php","meta":{"footnotes":""},"class_list":["post-1049","page","type-page","status-publish","hentry"],"acf":[],"yoast_head":"<!-- This site is optimized with the Yoast SEO plugin v20.5 - https:\/\/yoast.com\/wordpress\/plugins\/seo\/ -->\n<title>Wojew\u00f3dztwa - Um\u00f3wmy si\u0119 na Polsk\u0119<\/title>\n<meta name=\"robots\" content=\"index, follow, max-snippet:-1, max-image-preview:large, max-video-preview:-1\" \/>\n<link rel=\"canonical\" href=\"http:\/\/wp-expert.pl\/umowa\/lista-wojewodztw\/\" \/>\n<meta property=\"og:locale\" content=\"pl_PL\" \/>\n<meta property=\"og:type\" content=\"article\" \/>\n<meta property=\"og:title\" content=\"Wojew\u00f3dztwa - Um\u00f3wmy si\u0119 na Polsk\u0119\" \/>\n<meta property=\"og:description\" content=\"W cz\u0119\u015bci II \u201cUm\u00f3wmy si\u0119 na Polsk\u0119\u201d, nasi eksperci wsparci pi\u00f3rem wybitnych pisarzy zapraszaj\u0105 nas do odwiedzenia wojew\u00f3dzw marze\u0144 \u2013 fabularyzowanych historii o tym jak Polska mog\u0142aby wygl\u0105da\u0107 w naszej nowej umowie spo\u0142ecznej. Zobacz, jak wygl\u0105da\u0142oby bliskie Ci ideowo wojew\u00f3dztwo gdyby proponowany przez nas ustr\u00f3j sta si\u0119 rzeczywisto\u015bci\u0105.\u00a0\" \/>\n<meta property=\"og:url\" content=\"http:\/\/wp-expert.pl\/umowa\/lista-wojewodztw\/\" \/>\n<meta property=\"og:site_name\" content=\"Um\u00f3wmy si\u0119 na Polsk\u0119\" \/>\n<meta property=\"article:publisher\" content=\"https:\/\/www.facebook.com\/ZdecentralizowanaRzeczpospolita\" \/>\n<meta property=\"article:modified_time\" content=\"2023-05-10T20:31:25+00:00\" \/>\n<meta property=\"og:image\" content=\"http:\/\/wp-expert.pl\/umowa\/wp-content\/uploads\/2019\/03\/u0-scaled.jpg\" \/>\n\t<meta property=\"og:image:width\" content=\"2560\" \/>\n\t<meta property=\"og:image:height\" content=\"1695\" \/>\n\t<meta property=\"og:image:type\" content=\"image\/jpeg\" \/>\n<meta name=\"twitter:card\" content=\"summary_large_image\" \/>\n<meta name=\"twitter:site\" content=\"@decentralizacja\" \/>\n<script type=\"application\/ld+json\" class=\"yoast-schema-graph\">{\"@context\":\"https:\/\/schema.org\",\"@graph\":[{\"@type\":\"WebPage\",\"@id\":\"http:\/\/wp-expert.pl\/umowa\/lista-wojewodztw\/\",\"url\":\"http:\/\/wp-expert.pl\/umowa\/lista-wojewodztw\/\",\"name\":\"Wojew\u00f3dztwa - Um\u00f3wmy si\u0119 na Polsk\u0119\",\"isPartOf\":{\"@id\":\"https:\/\/wp-expert.pl\/umowa\/#website\"},\"datePublished\":\"2023-05-10T20:23:40+00:00\",\"dateModified\":\"2023-05-10T20:31:25+00:00\",\"inLanguage\":\"pl-PL\",\"potentialAction\":[{\"@type\":\"ReadAction\",\"target\":[\"http:\/\/wp-expert.pl\/umowa\/lista-wojewodztw\/\"]}]},{\"@type\":\"WebSite\",\"@id\":\"https:\/\/wp-expert.pl\/umowa\/#website\",\"url\":\"https:\/\/wp-expert.pl\/umowa\/\",\"name\":\"Um\u00f3wmy si\u0119 na Polsk\u0119\",\"description\":\"\",\"potentialAction\":[{\"@type\":\"SearchAction\",\"target\":{\"@type\":\"EntryPoint\",\"urlTemplate\":\"https:\/\/wp-expert.pl\/umowa\/?s={search_term_string}\"},\"query-input\":\"required name=search_term_string\"}],\"inLanguage\":\"pl-PL\"}]}<\/script>\n<!-- \/ Yoast SEO plugin. -->","yoast_head_json":{"title":"Wojew\u00f3dztwa - Um\u00f3wmy si\u0119 na Polsk\u0119","robots":{"index":"index","follow":"follow","max-snippet":"max-snippet:-1","max-image-preview":"max-image-preview:large","max-video-preview":"max-video-preview:-1"},"canonical":"http:\/\/wp-expert.pl\/umowa\/lista-wojewodztw\/","og_locale":"pl_PL","og_type":"article","og_title":"Wojew\u00f3dztwa - Um\u00f3wmy si\u0119 na Polsk\u0119","og_description":"W cz\u0119\u015bci II \u201cUm\u00f3wmy si\u0119 na Polsk\u0119\u201d, nasi eksperci wsparci pi\u00f3rem wybitnych pisarzy zapraszaj\u0105 nas do odwiedzenia wojew\u00f3dzw marze\u0144 \u2013 fabularyzowanych historii o tym jak Polska mog\u0142aby wygl\u0105da\u0107 w naszej nowej umowie spo\u0142ecznej. Zobacz, jak wygl\u0105da\u0142oby bliskie Ci ideowo wojew\u00f3dztwo gdyby proponowany przez nas ustr\u00f3j sta si\u0119 rzeczywisto\u015bci\u0105.\u00a0","og_url":"http:\/\/wp-expert.pl\/umowa\/lista-wojewodztw\/","og_site_name":"Um\u00f3wmy si\u0119 na Polsk\u0119","article_publisher":"https:\/\/www.facebook.com\/ZdecentralizowanaRzeczpospolita","article_modified_time":"2023-05-10T20:31:25+00:00","og_image":[{"width":2560,"height":1695,"url":"http:\/\/wp-expert.pl\/umowa\/wp-content\/uploads\/2019\/03\/u0-scaled.jpg","type":"image\/jpeg"}],"twitter_card":"summary_large_image","twitter_site":"@decentralizacja","schema":{"@context":"https:\/\/schema.org","@graph":[{"@type":"WebPage","@id":"http:\/\/wp-expert.pl\/umowa\/lista-wojewodztw\/","url":"http:\/\/wp-expert.pl\/umowa\/lista-wojewodztw\/","name":"Wojew\u00f3dztwa - Um\u00f3wmy si\u0119 na Polsk\u0119","isPartOf":{"@id":"https:\/\/wp-expert.pl\/umowa\/#website"},"datePublished":"2023-05-10T20:23:40+00:00","dateModified":"2023-05-10T20:31:25+00:00","inLanguage":"pl-PL","potentialAction":[{"@type":"ReadAction","target":["http:\/\/wp-expert.pl\/umowa\/lista-wojewodztw\/"]}]},{"@type":"WebSite","@id":"https:\/\/wp-expert.pl\/umowa\/#website","url":"https:\/\/wp-expert.pl\/umowa\/","name":"Um\u00f3wmy si\u0119 na Polsk\u0119","description":"","potentialAction":[{"@type":"SearchAction","target":{"@type":"EntryPoint","urlTemplate":"https:\/\/wp-expert.pl\/umowa\/?s={search_term_string}"},"query-input":"required name=search_term_string"}],"inLanguage":"pl-PL"}]}},"_links":{"self":[{"href":"http:\/\/wp-expert.pl\/umowa\/wp-json\/wp\/v2\/pages\/1049","targetHints":{"allow":["GET"]}}],"collection":[{"href":"http:\/\/wp-expert.pl\/umowa\/wp-json\/wp\/v2\/pages"}],"about":[{"href":"http:\/\/wp-expert.pl\/umowa\/wp-json\/wp\/v2\/types\/page"}],"author":[{"embeddable":true,"href":"http:\/\/wp-expert.pl\/umowa\/wp-json\/wp\/v2\/users\/1"}],"replies":[{"embeddable":true,"href":"http:\/\/wp-expert.pl\/umowa\/wp-json\/wp\/v2\/comments?post=1049"}],"version-history":[{"count":2,"href":"http:\/\/wp-expert.pl\/umowa\/wp-json\/wp\/v2\/pages\/1049\/revisions"}],"predecessor-version":[{"id":1052,"href":"http:\/\/wp-expert.pl\/umowa\/wp-json\/wp\/v2\/pages\/1049\/revisions\/1052"}],"wp:attachment":[{"href":"http:\/\/wp-expert.pl\/umowa\/wp-json\/wp\/v2\/media?parent=1049"}],"curies":[{"name":"wp","href":"https:\/\/api.w.org\/{rel}","templated":true}]}}